{"id":30,"date":"2018-06-25T13:23:44","date_gmt":"2018-06-25T13:23:44","guid":{"rendered":"http:\/\/moeck-kg.de\/?page_id=30"},"modified":"2025-10-14T15:14:40","modified_gmt":"2025-10-14T15:14:40","slug":"produkte","status":"publish","type":"page","link":"https:\/\/moeck-kg.de\/?page_id=30","title":{"rendered":"Produkte"},"content":{"rendered":"<p>[et_pb_section fb_built=&#8221;1&#8243; _builder_version=&#8221;4.27.4&#8243; background_enable_image=&#8221;off&#8221; global_colors_info=&#8221;{}&#8221;][et_pb_row _builder_version=&#8221;4.16&#8243; global_colors_info=&#8221;{}&#8221;][et_pb_column type=&#8221;4_4&#8243; _builder_version=&#8221;4.16&#8243; custom_padding=&#8221;|||&#8221; global_colors_info=&#8221;{}&#8221; custom_padding__hover=&#8221;|||&#8221;][et_pb_image src=&#8221;https:\/\/moeck-kg.de\/wp-content\/uploads\/2025\/10\/Werk-Moeck-Nahaufnahme.jpg&#8221; align_tablet=&#8221;center&#8221; align_phone=&#8221;center&#8221; align_last_edited=&#8221;on|desktop&#8221; _builder_version=&#8221;4.27.4&#8243; hover_enabled=&#8221;0&#8243; global_colors_info=&#8221;{}&#8221; title_text=&#8221;Werk Moeck&#8221; sticky_enabled=&#8221;0&#8243;][\/et_pb_image][\/et_pb_column][\/et_pb_row][\/et_pb_section][et_pb_section fb_built=&#8221;1&#8243; _builder_version=&#8221;4.16&#8243; global_colors_info=&#8221;{}&#8221;][et_pb_row column_structure=&#8221;1_2,1_2&#8243; _builder_version=&#8221;4.16&#8243; background_size=&#8221;initial&#8221; background_position=&#8221;top_left&#8221; background_repeat=&#8221;repeat&#8221; global_colors_info=&#8221;{}&#8221;][et_pb_column type=&#8221;1_2&#8243; _builder_version=&#8221;4.16&#8243; custom_padding=&#8221;|||&#8221; global_colors_info=&#8221;{}&#8221; custom_padding__hover=&#8221;|||&#8221;][et_pb_text _builder_version=&#8221;4.27.4&#8243; hover_enabled=&#8221;0&#8243; global_colors_info=&#8221;{}&#8221; text_font_size=&#8221;15px&#8221; header_font_size=&#8221;25px&#8221; header_2_font_size=&#8221;20px&#8221; header_2_font=&#8221;|700|||||||&#8221; sticky_enabled=&#8221;0&#8243;]<\/p>\n<p><a href=\"https:\/\/moeck-kg.de\/wp-content\/uploads\/2020\/05\/produktinfo.pdf\" target=\"_blank\" rel=\"noopener noreferrer\">Produktinformation<\/a><br \/>(PDF, 112 KB)<\/p>\n<p><a href=\"https:\/\/moeck-kg.de\/wp-content\/uploads\/2020\/05\/sicherheitsdatenblatt_alle_k.pdf\" target=\"_blank\" rel=\"noopener noreferrer\">Sicherheits-Datenblatt<\/a><br \/>(PDF, 240 KB)<\/p>\n<h2>Calcitk\u00f6rnungen Verwendungsbereiche<\/h2>\n<p>&#8211; Putz- und M\u00f6rtelindustrie<br \/>&#8211; Betonherstellung (Betonbesatz)<br \/>&#8211; Futtermittelindustrie<\/p>\n<p><a href=\"https:\/\/moeck-kg.de\/wp-content\/uploads\/2020\/05\/calcit001.pdf\" target=\"_blank\" rel=\"noopener noreferrer\">Calcitgranulat 0001\u00a0<\/a><br \/>(PDF, 88 KB)<a class=\"link\" href=\"http:\/\/www.moeck-kg.de\/p_calcit.html\"><br \/><\/a><\/p>\n<p><a href=\"https:\/\/moeck-kg.de\/wp-content\/uploads\/2020\/05\/calcit0105.pdf\" target=\"_blank\" rel=\"noopener noreferrer\">Calcitgranulat 0105<\/a><br \/>(PDF, 88 KB)<a class=\"link\" href=\"http:\/\/www.moeck-kg.de\/p_calcit.html\"><br \/><\/a><\/p>\n<p><a href=\"https:\/\/moeck-kg.de\/wp-content\/uploads\/2020\/05\/calcit0510.pdf\" target=\"_blank\" rel=\"noopener noreferrer\">Calcitgranulat 0510<\/a><br \/>(PDF, 92 KB)<a class=\"link\" href=\"http:\/\/www.moeck-kg.de\/p_calcit.html\"><br \/><\/a><\/p>\n<p><a href=\"https:\/\/moeck-kg.de\/wp-content\/uploads\/2020\/05\/calcit1015.pdf\" target=\"_blank\" rel=\"noopener noreferrer\">Calcitgranulat 1015<\/a><br \/>(PDF, 92 KB)<a class=\"link\" href=\"http:\/\/www.moeck-kg.de\/p_calcit.html\"><br \/><\/a><\/p>\n<p><a href=\"https:\/\/moeck-kg.de\/wp-content\/uploads\/2020\/05\/calcit1520.pdf\" target=\"_blank\" rel=\"noopener noreferrer\">Calcitgranulat 1520<\/a><br \/>(PDF, 92 KB)<\/p>\n<p><a href=\"https:\/\/moeck-kg.de\/wp-content\/uploads\/2020\/05\/calcit2028.pdf\" target=\"_blank\" rel=\"noopener noreferrer\">Calcitgranulat 2028<\/a><br \/>(PDF, 144 KB)<a class=\"link\" href=\"http:\/\/www.moeck-kg.de\/p_calcit.html\"><br \/><\/a><\/p>\n<p><a href=\"https:\/\/moeck-kg.de\/wp-content\/uploads\/2020\/05\/calcit2840.pdf\" target=\"_blank\" rel=\"noopener noreferrer\">Calcitgranulat 2840<\/a><br \/>(PDF, 144 KB)<a class=\"link\" href=\"http:\/\/www.moeck-kg.de\/p_calcit.html\"><br \/><\/a><\/p>\n<p><a href=\"https:\/\/moeck-kg.de\/wp-content\/uploads\/2020\/05\/calcit4080.pdf\" target=\"_blank\" rel=\"noopener noreferrer\">Calcitgranulat 4080<\/a><br \/>(PDF, 140 KB)<\/p>\n<p>[\/et_pb_text][\/et_pb_column][et_pb_column type=&#8221;1_2&#8243; _builder_version=&#8221;4.16&#8243; custom_padding=&#8221;|||&#8221; global_colors_info=&#8221;{}&#8221; custom_padding__hover=&#8221;|||&#8221;][et_pb_text _builder_version=&#8221;4.27.4&#8243; hover_enabled=&#8221;0&#8243; global_colors_info=&#8221;{}&#8221; header_2_font_size=&#8221;23px&#8221; header_2_font=&#8221;|700|||||||&#8221; text_font_size=&#8221;15px&#8221; sticky_enabled=&#8221;0&#8243;]<\/p>\n<h2>Kalksteinmehl Verwendungsbereiche<\/h2>\n<p>&#8211; F\u00fcllstoff f\u00fcr Asphalterstellung<br \/>&#8211; F\u00fcllmaterial f\u00fcr Ort- Fertig und Flie\u00dfbeton-Produktion<br \/>&#8211; Einsatz in der M\u00f6rtelindustrie<br \/>&#8211; D\u00fcngekalk f\u00fcr Land- und\u00a0Forstwirtschaft<\/p>\n<p><a href=\"https:\/\/moeck-kg.de\/wp-content\/uploads\/2020\/05\/kalksteinmehl.pdf\" target=\"_blank\" rel=\"noopener noreferrer\">Kalksteinmehl<\/a><\/p>\n<p>[\/et_pb_text][\/et_pb_column][\/et_pb_row][\/et_pb_section]<\/p>\n","protected":false},"excerpt":{"rendered":"<p>Produktinformation(PDF, 112 KB) Sicherheits-Datenblatt(PDF, 240 KB) Calcitk\u00f6rnungen Verwendungsbereiche &#8211; Putz- und M\u00f6rtelindustrie- Betonherstellung (Betonbesatz)- Futtermittelindustrie Calcitgranulat 0001\u00a0(PDF, 88 KB) Calcitgranulat 0105(PDF, 88 KB) Calcitgranulat 0510(PDF, 92 KB) Calcitgranulat 1015(PDF, 92 KB) Calcitgranulat 1520(PDF, 92 KB) Calcitgranulat 2028(PDF, 144 KB) Calcitgranulat 2840(PDF, 144 KB) Calcitgranulat 4080(PDF, 140 KB)Kalksteinmehl Verwendungsbereiche &#8211; F\u00fcllstoff f\u00fcr Asphalterstellung- F\u00fcllmaterial f\u00fcr Ort- [&hellip;]<\/p>\n","protected":false},"author":2,"featured_media":0,"parent":0,"menu_order":0,"comment_status":"closed","ping_status":"closed","template":"","meta":{"_et_pb_use_builder":"on","_et_pb_old_content":"","_et_gb_content_width":"","footnotes":""},"_links":{"self":[{"href":"https:\/\/moeck-kg.de\/index.php?rest_route=\/wp\/v2\/pages\/30"}],"collection":[{"href":"https:\/\/moeck-kg.de\/index.php?rest_route=\/wp\/v2\/pages"}],"about":[{"href":"https:\/\/moeck-kg.de\/index.php?rest_route=\/wp\/v2\/types\/page"}],"author":[{"embeddable":true,"href":"https:\/\/moeck-kg.de\/index.php?rest_route=\/wp\/v2\/users\/2"}],"replies":[{"embeddable":true,"href":"https:\/\/moeck-kg.de\/index.php?rest_route=%2Fwp%2Fv2%2Fcomments&post=30"}],"version-history":[{"count":36,"href":"https:\/\/moeck-kg.de\/index.php?rest_route=\/wp\/v2\/pages\/30\/revisions"}],"predecessor-version":[{"id":305,"href":"https:\/\/moeck-kg.de\/index.php?rest_route=\/wp\/v2\/pages\/30\/revisions\/305"}],"wp:attachment":[{"href":"https:\/\/moeck-kg.de\/index.php?rest_route=%2Fwp%2Fv2%2Fmedia&parent=30"}],"curies":[{"name":"wp","href":"https:\/\/api.w.org\/{rel}","templated":true}]}}